{"id":3263,"date":"2024-12-02T09:37:51","date_gmt":"2024-12-02T09:37:51","guid":{"rendered":"https:\/\/starling.fit\/?page_id=3263"},"modified":"2025-09-09T09:27:41","modified_gmt":"2025-09-09T09:27:41","slug":"classes","status":"publish","type":"page","link":"https:\/\/starling.fit\/de\/classes\/","title":{"rendered":"Kurse &amp; Kurspl\u00e4ne"},"content":{"rendered":"<div data-elementor-type=\"wp-page\" data-elementor-id=\"3263\" class=\"elementor elementor-3263\" data-elementor-post-type=\"page\">\n\t\t\t\t<div class=\"elementor-element elementor-element-7926dd5 e-con-full e-flex e-con e-parent\" data-id=\"7926dd5\" data-element_type=\"container\" data-settings=\"{&quot;background_background&quot;:&quot;classic&quot;}\">\n\t\t\t\t<div class=\"elementor-element elementor-element-97fac64 elementor-widget elementor-widget-spacer\" data-id=\"97fac64\" data-element_type=\"widget\" data-widget_type=\"spacer.default\">\n\t\t\t\t<div class=\"elementor-widget-container\">\n\t\t\t\t\t<div class=\"elementor-spacer\">\n\t\t\t<div class=\"elementor-spacer-inner\"><\/div>\n\t\t<\/div>\n\t\t\t\t<\/div>\n\t\t\t\t<\/div>\n\t\t<div class=\"elementor-element elementor-element-acc9cc8 e-flex e-con-boxed e-con e-child\" data-id=\"acc9cc8\" data-element_type=\"container\">\n\t\t\t\t\t<div class=\"e-con-inner\">\n\t\t\t\t<div class=\"elementor-element elementor-element-6801934 elementor-widget elementor-widget-heading\" data-id=\"6801934\" data-element_type=\"widget\" data-widget_type=\"heading.default\">\n\t\t\t\t<div class=\"elementor-widget-container\">\n\t\t\t<h2 class=\"elementor-heading-title elementor-size-default\">Kurse &amp; Zeitplan<\/h2>\t\t<\/div>\n\t\t\t\t<\/div>\n\t\t\t\t\t<\/div>\n\t\t\t\t<\/div>\n\t\t\t\t<div class=\"elementor-element elementor-element-40fba72 elementor-widget elementor-widget-spacer\" data-id=\"40fba72\" data-element_type=\"widget\" data-widget_type=\"spacer.default\">\n\t\t\t\t<div class=\"elementor-widget-container\">\n\t\t\t\t\t<div class=\"elementor-spacer\">\n\t\t\t<div class=\"elementor-spacer-inner\"><\/div>\n\t\t<\/div>\n\t\t\t\t<\/div>\n\t\t\t\t<\/div>\n\t\t\t\t<div class=\"elementor-element elementor-element-767a275 elementor-absolute no-translate elementor-widget elementor-widget-heading\" data-id=\"767a275\" data-element_type=\"widget\" data-settings=\"{&quot;_position&quot;:&quot;absolute&quot;}\" data-widget_type=\"heading.default\" data-no-translation=\"\" data-no-auto-translation=\"\">\n\t\t\t\t<div class=\"elementor-widget-container\">\n\t\t\t<span class=\"elementor-heading-title elementor-size-default\">classes &amp; schedule<\/span>\t\t<\/div>\n\t\t\t\t<\/div>\n\t\t\t\t<\/div>\n\t\t<div class=\"elementor-element elementor-element-d9e6f86 e-con-full e-flex e-con e-parent\" data-id=\"d9e6f86\" data-element_type=\"container\">\n\t\t<div class=\"elementor-element elementor-element-b96836e e-flex e-con-boxed e-con e-child\" data-id=\"b96836e\" data-element_type=\"container\">\n\t\t\t\t\t<div class=\"e-con-inner\">\n\t\t\t\t<div class=\"elementor-element elementor-element-422916e elementor-icon-list--layout-traditional elementor-list-item-link-full_width elementor-widget elementor-widget-global elementor-global-3609 elementor-widget-icon-list\" data-id=\"422916e\" data-element_type=\"widget\" data-widget_type=\"icon-list.default\">\n\t\t\t\t<div class=\"elementor-widget-container\">\n\t\t\t\t\t<ul class=\"elementor-icon-list-items\">\n\t\t\t\t\t\t\t<li class=\"elementor-icon-list-item\">\n\t\t\t\t\t\t\t\t\t\t\t<span class=\"elementor-icon-list-icon\">\n\t\t\t\t\t\t\t<svg aria-hidden=\"true\" class=\"e-font-icon-svg e-fas-circle\" viewbox=\"0 0 512 512\" xmlns=\"http:\/\/www.w3.org\/2000\/svg\"><path d=\"M256 8C119 8 8 119 8 256s111 248 248 248 248-111 248-248S393 8 256 8z\"><\/path><\/svg>\t\t\t\t\t\t<\/span>\n\t\t\t\t\t\t\t\t\t\t<span class=\"elementor-icon-list-text\">Was wir bieten<\/span>\n\t\t\t\t\t\t\t\t\t<\/li>\n\t\t\t\t\t\t<\/ul>\n\t\t\t\t<\/div>\n\t\t\t\t<\/div>\n\t\t\t\t<div class=\"elementor-element elementor-element-8465838 elementor-widget__width-initial elementor-widget-mobile__width-inherit elementor-widget elementor-widget-heading\" data-id=\"8465838\" data-element_type=\"widget\" data-widget_type=\"heading.default\">\n\t\t\t\t<div class=\"elementor-widget-container\">\n\t\t\t<p class=\"elementor-heading-title elementor-size-default\">Vielfalt und Best\u00e4ndigkeit sind der Schl\u00fcssel zu einer ausgewogenen Fitness. <br>Unsere vielf\u00e4ltigen Kurse decken Ausdauer, Kraft oder spezielle F\u00e4higkeiten ab.<\/p>\t\t<\/div>\n\t\t\t\t<\/div>\n\t\t\t\t\t<\/div>\n\t\t\t\t<\/div>\n\t\t<div class=\"elementor-element elementor-element-4402b88 e-flex e-con-boxed e-con e-child\" data-id=\"4402b88\" data-element_type=\"container\">\n\t\t\t\t\t<div class=\"e-con-inner\">\n\t\t\t\t<div class=\"elementor-element elementor-element-5e8325f elementor-widget elementor-widget-html\" data-id=\"5e8325f\" data-element_type=\"widget\" data-widget_type=\"html.default\">\n\t\t\t\t<div class=\"elementor-widget-container\">\n\t\t\t<style>\n    .class-card .desc,\n    .class-card:hover .icon{\n        display: none;\n    }\n    .class-card .icon{\n        flex: 1;\n    }\n    .class-card:hover .title{\n        flex: 1;\n    }\n    .class-card:hover .desc{\n        display: block;\n    }\n    @media only screen and (max-width: 1024px) {\n        .class-card .desc,\n        .class-card .icon{\n            display: block !important;\n        }\n        .class-card .icon{\n            flex: unset;\n        }\n        .class-card .title{\n            flex: 1;\n        }\n        .class-card{\n            gap: 12px;\n            height: auto !important;\n        }\n    }\n<\/style>\t\t<\/div>\n\t\t\t\t<\/div>\n\t\t<div class=\"elementor-element elementor-element-357b12e e-grid e-con-full e-con e-child\" data-id=\"357b12e\" data-element_type=\"container\">\n\t\t<div class=\"elementor-element elementor-element-6ed5303 e-con-full class-card e-flex e-con e-child\" data-id=\"6ed5303\" data-element_type=\"container\" data-settings=\"{&quot;background_background&quot;:&quot;classic&quot;}\">\n\t\t\t\t<div class=\"elementor-element elementor-element-e15bbd5 icon elementor-widget elementor-widget-image\" data-id=\"e15bbd5\" data-element_type=\"widget\" data-widget_type=\"image.default\">\n\t\t\t\t<div class=\"elementor-widget-container\">\n\t\t\t\t\t\t\t\t\t\t\t\t\t<img decoding=\"async\" width=\"96\" height=\"96\" src=\"https:\/\/starling.fit\/wp-content\/uploads\/2024\/12\/icon_container1.webp\" class=\"attachment-large size-large wp-image-3279\" alt=\"\" \/>\t\t\t\t\t\t\t\t\t\t\t\t\t<\/div>\n\t\t\t\t<\/div>\n\t\t\t\t<div class=\"elementor-element elementor-element-0c6db3a title elementor-widget elementor-widget-heading\" data-id=\"0c6db3a\" data-element_type=\"widget\" data-widget_type=\"heading.default\">\n\t\t\t\t<div class=\"elementor-widget-container\">\n\t\t\t<div class=\"elementor-heading-title elementor-size-default\">GOLDEN21<\/div>\t\t<\/div>\n\t\t\t\t<\/div>\n\t\t\t\t<div class=\"elementor-element elementor-element-b9aad6a desc elementor-widget elementor-widget-heading\" data-id=\"b9aad6a\" data-element_type=\"widget\" data-widget_type=\"heading.default\">\n\t\t\t\t<div class=\"elementor-widget-container\">\n\t\t\t<p class=\"elementor-heading-title elementor-size-default\">Ein 21-t\u00e4giges Programm, das sich auf Technik, Mobilit\u00e4t und Kraft konzentriert, um eine nachhaltige Routine aufzubauen.<\/p>\t\t<\/div>\n\t\t\t\t<\/div>\n\t\t\t\t<\/div>\n\t\t<div class=\"elementor-element elementor-element-f7ff388 e-con-full class-card e-flex e-con e-child\" data-id=\"f7ff388\" data-element_type=\"container\" data-settings=\"{&quot;background_background&quot;:&quot;classic&quot;}\">\n\t\t\t\t<div class=\"elementor-element elementor-element-2d5338b icon elementor-widget elementor-widget-image\" data-id=\"2d5338b\" data-element_type=\"widget\" data-widget_type=\"image.default\">\n\t\t\t\t<div class=\"elementor-widget-container\">\n\t\t\t\t\t\t\t\t\t\t\t\t\t<img decoding=\"async\" width=\"96\" height=\"96\" src=\"https:\/\/starling.fit\/wp-content\/uploads\/2024\/12\/icon_container2.webp\" class=\"attachment-large size-large wp-image-3280\" alt=\"\" \/>\t\t\t\t\t\t\t\t\t\t\t\t\t<\/div>\n\t\t\t\t<\/div>\n\t\t\t\t<div class=\"elementor-element elementor-element-cebd202 title elementor-widget elementor-widget-heading\" data-id=\"cebd202\" data-element_type=\"widget\" data-widget_type=\"heading.default\">\n\t\t\t\t<div class=\"elementor-widget-container\">\n\t\t\t<div class=\"elementor-heading-title elementor-size-default\">WODS<\/div>\t\t<\/div>\n\t\t\t\t<\/div>\n\t\t\t\t<div class=\"elementor-element elementor-element-c339d04 desc elementor-widget elementor-widget-heading\" data-id=\"c339d04\" data-element_type=\"widget\" data-widget_type=\"heading.default\">\n\t\t\t\t<div class=\"elementor-widget-container\">\n\t\t\t<p class=\"elementor-heading-title elementor-size-default\">Ein hochintensives Workout des Tages (WOD) mit verschiedenen Bewegungen zur Verbesserung der allgemeinen Fitness.<\/p>\t\t<\/div>\n\t\t\t\t<\/div>\n\t\t\t\t<\/div>\n\t\t<div class=\"elementor-element elementor-element-6648199 e-con-full class-card e-flex e-con e-child\" data-id=\"6648199\" data-element_type=\"container\" data-settings=\"{&quot;background_background&quot;:&quot;classic&quot;}\">\n\t\t\t\t<div class=\"elementor-element elementor-element-04c17e1 icon elementor-widget elementor-widget-image\" data-id=\"04c17e1\" data-element_type=\"widget\" data-widget_type=\"image.default\">\n\t\t\t\t<div class=\"elementor-widget-container\">\n\t\t\t\t\t\t\t\t\t\t\t\t\t<img decoding=\"async\" width=\"96\" height=\"96\" src=\"https:\/\/starling.fit\/wp-content\/uploads\/2024\/12\/icon_container3.webp\" class=\"attachment-large size-large wp-image-3281\" alt=\"\" \/>\t\t\t\t\t\t\t\t\t\t\t\t\t<\/div>\n\t\t\t\t<\/div>\n\t\t\t\t<div class=\"elementor-element elementor-element-a5e70b8 title elementor-widget elementor-widget-heading\" data-id=\"a5e70b8\" data-element_type=\"widget\" data-widget_type=\"heading.default\">\n\t\t\t\t<div class=\"elementor-widget-container\">\n\t\t\t<div class=\"elementor-heading-title elementor-size-default\">KINDER UND JUGENDLICHE<\/div>\t\t<\/div>\n\t\t\t\t<\/div>\n\t\t\t\t<div class=\"elementor-element elementor-element-fc0d5cb desc elementor-widget elementor-widget-heading\" data-id=\"fc0d5cb\" data-element_type=\"widget\" data-widget_type=\"heading.default\">\n\t\t\t\t<div class=\"elementor-widget-container\">\n\t\t\t<p class=\"elementor-heading-title elementor-size-default\">Kurse f\u00fcr Kinder und Jugendliche in einer spielerischen und unterst\u00fctzenden Umgebung. Sie f\u00f6rdern Selbstvertrauen, Koordination und Kraft. <\/p>\t\t<\/div>\n\t\t\t\t<\/div>\n\t\t\t\t<\/div>\n\t\t<div class=\"elementor-element elementor-element-d41caca e-con-full class-card e-flex e-con e-child\" data-id=\"d41caca\" data-element_type=\"container\" data-settings=\"{&quot;background_background&quot;:&quot;classic&quot;}\">\n\t\t\t\t<div class=\"elementor-element elementor-element-e72fe7d icon elementor-widget elementor-widget-image\" data-id=\"e72fe7d\" data-element_type=\"widget\" data-widget_type=\"image.default\">\n\t\t\t\t<div class=\"elementor-widget-container\">\n\t\t\t\t\t\t\t\t\t\t\t\t\t<img loading=\"lazy\" decoding=\"async\" width=\"96\" height=\"96\" src=\"https:\/\/starling.fit\/wp-content\/uploads\/2024\/12\/icon_container4.webp\" class=\"attachment-large size-large wp-image-3282\" alt=\"\" \/>\t\t\t\t\t\t\t\t\t\t\t\t\t<\/div>\n\t\t\t\t<\/div>\n\t\t\t\t<div class=\"elementor-element elementor-element-9681594 title elementor-widget elementor-widget-heading\" data-id=\"9681594\" data-element_type=\"widget\" data-widget_type=\"heading.default\">\n\t\t\t\t<div class=\"elementor-widget-container\">\n\t\t\t<div class=\"elementor-heading-title elementor-size-default\">GEWICHTHEBEN<\/div>\t\t<\/div>\n\t\t\t\t<\/div>\n\t\t\t\t<div class=\"elementor-element elementor-element-bce0359 desc elementor-widget elementor-widget-heading\" data-id=\"bce0359\" data-element_type=\"widget\" data-widget_type=\"heading.default\">\n\t\t\t\t<div class=\"elementor-widget-container\">\n\t\t\t<p class=\"elementor-heading-title elementor-size-default\">Arbeiten Sie an Form, Technik und Kraft durch technische \u00dcbungen, progressives Krafttraining und Zusatz\u00fcbungen.<\/p>\t\t<\/div>\n\t\t\t\t<\/div>\n\t\t\t\t<\/div>\n\t\t<div class=\"elementor-element elementor-element-4b75640 e-con-full class-card e-flex e-con e-child\" data-id=\"4b75640\" data-element_type=\"container\" data-settings=\"{&quot;background_background&quot;:&quot;classic&quot;}\">\n\t\t\t\t<div class=\"elementor-element elementor-element-817d991 icon elementor-widget elementor-widget-image\" data-id=\"817d991\" data-element_type=\"widget\" data-widget_type=\"image.default\">\n\t\t\t\t<div class=\"elementor-widget-container\">\n\t\t\t\t\t\t\t\t\t\t\t\t\t<img loading=\"lazy\" decoding=\"async\" width=\"96\" height=\"96\" src=\"https:\/\/starling.fit\/wp-content\/uploads\/2024\/12\/icon_container5.webp\" class=\"attachment-large size-large wp-image-3283\" alt=\"\" \/>\t\t\t\t\t\t\t\t\t\t\t\t\t<\/div>\n\t\t\t\t<\/div>\n\t\t\t\t<div class=\"elementor-element elementor-element-7b7aa57 title elementor-widget elementor-widget-heading\" data-id=\"7b7aa57\" data-element_type=\"widget\" data-widget_type=\"heading.default\">\n\t\t\t\t<div class=\"elementor-widget-container\">\n\t\t\t<div class=\"elementor-heading-title elementor-size-default\">GYMNASTIK<\/div>\t\t<\/div>\n\t\t\t\t<\/div>\n\t\t\t\t<div class=\"elementor-element elementor-element-bbe60ab desc elementor-widget elementor-widget-heading\" data-id=\"bbe60ab\" data-element_type=\"widget\" data-widget_type=\"heading.default\">\n\t\t\t\t<div class=\"elementor-widget-container\">\n\t\t\t<p class=\"elementor-heading-title elementor-size-default\">Lernen Sie fortschrittliche Techniken und Kraft f\u00fcr Bewegungen wie Handst\u00e4nde, Muscle-ups, Klimmz\u00fcge und Ring\u00fcbungen.<\/p>\t\t<\/div>\n\t\t\t\t<\/div>\n\t\t\t\t<\/div>\n\t\t<div class=\"elementor-element elementor-element-e8f4e42 e-con-full class-card e-flex e-con e-child\" data-id=\"e8f4e42\" data-element_type=\"container\" data-settings=\"{&quot;background_background&quot;:&quot;classic&quot;}\">\n\t\t\t\t<div class=\"elementor-element elementor-element-a0d59cb icon elementor-widget elementor-widget-image\" data-id=\"a0d59cb\" data-element_type=\"widget\" data-widget_type=\"image.default\">\n\t\t\t\t<div class=\"elementor-widget-container\">\n\t\t\t\t\t\t\t\t\t\t\t\t\t<img loading=\"lazy\" decoding=\"async\" width=\"96\" height=\"96\" src=\"https:\/\/starling.fit\/wp-content\/uploads\/2024\/12\/icon_container6.webp\" class=\"attachment-large size-large wp-image-3284\" alt=\"\" \/>\t\t\t\t\t\t\t\t\t\t\t\t\t<\/div>\n\t\t\t\t<\/div>\n\t\t\t\t<div class=\"elementor-element elementor-element-9ca2d5a title elementor-widget elementor-widget-heading\" data-id=\"9ca2d5a\" data-element_type=\"widget\" data-widget_type=\"heading.default\">\n\t\t\t\t<div class=\"elementor-widget-container\">\n\t\t\t<div class=\"elementor-heading-title elementor-size-default\">AEROBE KAPAZIT\u00c4T<\/div>\t\t<\/div>\n\t\t\t\t<\/div>\n\t\t\t\t<div class=\"elementor-element elementor-element-418606f desc elementor-widget elementor-widget-heading\" data-id=\"418606f\" data-element_type=\"widget\" data-widget_type=\"heading.default\">\n\t\t\t\t<div class=\"elementor-widget-container\">\n\t\t\t<p class=\"elementor-heading-title elementor-size-default\">Verbessern Sie Ihre kardiovaskul\u00e4re Ausdauer und Ihre allgemeine aerobe Leistungsf\u00e4higkeit, erholen Sie sich schneller und steigern Sie Ihre Lungenkapazit\u00e4t.<\/p>\t\t<\/div>\n\t\t\t\t<\/div>\n\t\t\t\t<\/div>\n\t\t<div class=\"elementor-element elementor-element-360e137 e-con-full class-card e-flex e-con e-child\" data-id=\"360e137\" data-element_type=\"container\" data-settings=\"{&quot;background_background&quot;:&quot;classic&quot;}\">\n\t\t\t\t<div class=\"elementor-element elementor-element-3193b17 icon elementor-widget elementor-widget-image\" data-id=\"3193b17\" data-element_type=\"widget\" data-widget_type=\"image.default\">\n\t\t\t\t<div class=\"elementor-widget-container\">\n\t\t\t\t\t\t\t\t\t\t\t\t\t<img loading=\"lazy\" decoding=\"async\" width=\"96\" height=\"96\" src=\"https:\/\/starling.fit\/wp-content\/uploads\/2024\/12\/icon_container7.webp\" class=\"attachment-large size-large wp-image-3285\" alt=\"\" \/>\t\t\t\t\t\t\t\t\t\t\t\t\t<\/div>\n\t\t\t\t<\/div>\n\t\t\t\t<div class=\"elementor-element elementor-element-5d2f8eb title elementor-widget elementor-widget-heading\" data-id=\"5d2f8eb\" data-element_type=\"widget\" data-widget_type=\"heading.default\">\n\t\t\t\t<div class=\"elementor-widget-container\">\n\t\t\t<div class=\"elementor-heading-title elementor-size-default\">ZONE 2<\/div>\t\t<\/div>\n\t\t\t\t<\/div>\n\t\t\t\t<div class=\"elementor-element elementor-element-dcd4a36 desc elementor-widget elementor-widget-heading\" data-id=\"dcd4a36\" data-element_type=\"widget\" data-widget_type=\"heading.default\">\n\t\t\t\t<div class=\"elementor-widget-container\">\n\t\t\t<p class=\"elementor-heading-title elementor-size-default\">Ausdauer mit geringer Intensit\u00e4t zur Verbesserung der Herz-Kreislauf-Leistungsf\u00e4higkeit, des Fettstoffwechsels und der Ausdauer. Perfekt f\u00fcr eine aktive Erholung.<\/p>\t\t<\/div>\n\t\t\t\t<\/div>\n\t\t\t\t<\/div>\n\t\t<div class=\"elementor-element elementor-element-4b54830 e-con-full class-card e-flex e-con e-child\" data-id=\"4b54830\" data-element_type=\"container\" data-settings=\"{&quot;background_background&quot;:&quot;classic&quot;}\">\n\t\t\t\t<div class=\"elementor-element elementor-element-5bf4f60 icon elementor-widget elementor-widget-image\" data-id=\"5bf4f60\" data-element_type=\"widget\" data-widget_type=\"image.default\">\n\t\t\t\t<div class=\"elementor-widget-container\">\n\t\t\t\t\t\t\t\t\t\t\t\t\t<img loading=\"lazy\" decoding=\"async\" width=\"96\" height=\"96\" src=\"https:\/\/starling.fit\/wp-content\/uploads\/2024\/12\/icon_container8.webp\" class=\"attachment-large size-large wp-image-3286\" alt=\"\" \/>\t\t\t\t\t\t\t\t\t\t\t\t\t<\/div>\n\t\t\t\t<\/div>\n\t\t\t\t<div class=\"elementor-element elementor-element-9cd62f1 title elementor-widget elementor-widget-heading\" data-id=\"9cd62f1\" data-element_type=\"widget\" data-widget_type=\"heading.default\">\n\t\t\t\t<div class=\"elementor-widget-container\">\n\t\t\t<div class=\"elementor-heading-title elementor-size-default\">OPEN GYM<\/div>\t\t<\/div>\n\t\t\t\t<\/div>\n\t\t\t\t<div class=\"elementor-element elementor-element-b9ff980 desc elementor-widget elementor-widget-heading\" data-id=\"b9ff980\" data-element_type=\"widget\" data-widget_type=\"heading.default\">\n\t\t\t\t<div class=\"elementor-widget-container\">\n\t\t\t<p class=\"elementor-heading-title elementor-size-default\">Unbetreute Trainingseinheiten zur Verbesserung individueller F\u00e4higkeiten, Kondition oder Zubeh\u00f6r. <\/p>\t\t<\/div>\n\t\t\t\t<\/div>\n\t\t\t\t<\/div>\n\t\t\t\t<\/div>\n\t\t\t\t\t<\/div>\n\t\t\t\t<\/div>\n\t\t\t\t<\/div>\n\t\t<div class=\"elementor-element elementor-element-9009734 e-con-full e-flex e-con e-parent\" data-id=\"9009734\" data-element_type=\"container\">\n\t\t<div class=\"elementor-element elementor-element-4becd6e e-flex e-con-boxed e-con e-child\" data-id=\"4becd6e\" data-element_type=\"container\">\n\t\t\t\t\t<div class=\"e-con-inner\">\n\t\t\t\t<div class=\"elementor-element elementor-element-722fe4a animated-fast elementor-widget elementor-widget-heading\" data-id=\"722fe4a\" data-element_type=\"widget\" data-settings=\"{&quot;_animation&quot;:&quot;none&quot;,&quot;_animation_delay&quot;:200}\" data-widget_type=\"heading.default\">\n\t\t\t\t<div class=\"elementor-widget-container\">\n\t\t\t<h2 class=\"elementor-heading-title elementor-size-default\">Unser Zeitplan<\/h2>\t\t<\/div>\n\t\t\t\t<\/div>\n\t\t\t\t<div class=\"elementor-element elementor-element-483549f elementor-widget elementor-widget-spacer\" data-id=\"483549f\" data-element_type=\"widget\" data-widget_type=\"spacer.default\">\n\t\t\t\t<div class=\"elementor-widget-container\">\n\t\t\t\t\t<div class=\"elementor-spacer\">\n\t\t\t<div class=\"elementor-spacer-inner\"><\/div>\n\t\t<\/div>\n\t\t\t\t<\/div>\n\t\t\t\t<\/div>\n\t\t\t\t<div class=\"elementor-element elementor-element-b22e03d elementor-widget elementor-widget-html\" data-id=\"b22e03d\" data-element_type=\"widget\" data-widget_type=\"html.default\">\n\t\t\t\t<div class=\"elementor-widget-container\">\n\t\t\t<iframe src=\"https:\/\/starling.pushpress.com\/landing\/calendar\" style=\"width:100%;\" width=\"400\" height=\"500\" title=\"Starling Schedule\"><\/iframe>\t\t<\/div>\n\t\t\t\t<\/div>\n\t\t\t\t<div class=\"elementor-element elementor-element-15952cf elementor-widget elementor-widget-spacer\" data-id=\"15952cf\" data-element_type=\"widget\" data-widget_type=\"spacer.default\">\n\t\t\t\t<div class=\"elementor-widget-container\">\n\t\t\t\t\t<div class=\"elementor-spacer\">\n\t\t\t<div class=\"elementor-spacer-inner\"><\/div>\n\t\t<\/div>\n\t\t\t\t<\/div>\n\t\t\t\t<\/div>\n\t\t<div class=\"elementor-element elementor-element-715749f e-con-full e-flex e-con e-child\" data-id=\"715749f\" data-element_type=\"container\">\n\t\t\t\t<div class=\"elementor-element elementor-element-f128a4d elementor-align-justify elementor-widget-mobile__width-inherit elementor-widget elementor-widget-button\" data-id=\"f128a4d\" data-element_type=\"widget\" data-widget_type=\"button.default\">\n\t\t\t\t<div class=\"elementor-widget-container\">\n\t\t\t\t\t\t\t<div class=\"elementor-button-wrapper\">\n\t\t\t\t\t<a class=\"elementor-button elementor-button-link elementor-size-sm\" href=\"https:\/\/api.grow.pushpress.com\/widget\/booking\/eIVxjr4c7Fa8eZ3Dzkzq\">\n\t\t\t\t\t\t<span class=\"elementor-button-content-wrapper\">\n\t\t\t\t\t\t\t\t\t<span class=\"elementor-button-text\">BUCHEN EINEN INTRO-CALL<\/span>\n\t\t\t\t\t<\/span>\n\t\t\t\t\t<\/a>\n\t\t\t\t<\/div>\n\t\t\t\t\t\t<\/div>\n\t\t\t\t<\/div>\n\t\t\t\t<div class=\"elementor-element elementor-element-a7d87c4 elementor-align-justify elementor-widget-tablet__width-inherit elementor-widget elementor-widget-button\" data-id=\"a7d87c4\" data-element_type=\"widget\" data-widget_type=\"button.default\">\n\t\t\t\t<div class=\"elementor-widget-container\">\n\t\t\t\t\t\t\t<div class=\"elementor-button-wrapper\">\n\t\t\t\t\t<a class=\"elementor-button elementor-button-link elementor-size-sm\" href=\"https:\/\/starling.fit\/de\/join-us\/\">\n\t\t\t\t\t\t<span class=\"elementor-button-content-wrapper\">\n\t\t\t\t\t\t\t\t\t<span class=\"elementor-button-text\">ICH M\u00d6CHTE MICH ERHOLEN<\/span>\n\t\t\t\t\t<\/span>\n\t\t\t\t\t<\/a>\n\t\t\t\t<\/div>\n\t\t\t\t\t\t<\/div>\n\t\t\t\t<\/div>\n\t\t\t\t<\/div>\n\t\t\t\t\t<\/div>\n\t\t\t\t<\/div>\n\t\t\t\t<div class=\"elementor-element elementor-element-04a8255 elementor-widget elementor-widget-spacer\" data-id=\"04a8255\" data-element_type=\"widget\" data-widget_type=\"spacer.default\">\n\t\t\t\t<div class=\"elementor-widget-container\">\n\t\t\t\t\t<div class=\"elementor-spacer\">\n\t\t\t<div class=\"elementor-spacer-inner\"><\/div>\n\t\t<\/div>\n\t\t\t\t<\/div>\n\t\t\t\t<\/div>\n\t\t\t\t<\/div>\n\t\t\t\t<\/div>","protected":false},"excerpt":{"rendered":"<p>Classes &amp; Schedule classes &amp; schedule What we offer Variety and consistency are key to well-rounded fitness. Our diverse classes cover endurance, strength, or speciality skills. GOLDEN21 21-day foundational program to build technique, mobility, and strength, and establish a sustainable routine. WODS A high-intensity workout of the day (WOD) across various movements improving overall fitness. [&hellip;]<\/p>","protected":false},"author":1,"featured_media":0,"parent":0,"menu_order":0,"comment_status":"closed","ping_status":"closed","template":"","meta":{"_acf_changed":false,"footnotes":""},"class_list":["post-3263","page","type-page","status-publish","hentry"],"acf":[],"_links":{"self":[{"href":"https:\/\/starling.fit\/de\/wp-json\/wp\/v2\/pages\/3263","targetHints":{"allow":["GET"]}}],"collection":[{"href":"https:\/\/starling.fit\/de\/wp-json\/wp\/v2\/pages"}],"about":[{"href":"https:\/\/starling.fit\/de\/wp-json\/wp\/v2\/types\/page"}],"author":[{"embeddable":true,"href":"https:\/\/starling.fit\/de\/wp-json\/wp\/v2\/users\/1"}],"replies":[{"embeddable":true,"href":"https:\/\/starling.fit\/de\/wp-json\/wp\/v2\/comments?post=3263"}],"version-history":[{"count":127,"href":"https:\/\/starling.fit\/de\/wp-json\/wp\/v2\/pages\/3263\/revisions"}],"predecessor-version":[{"id":6106,"href":"https:\/\/starling.fit\/de\/wp-json\/wp\/v2\/pages\/3263\/revisions\/6106"}],"wp:attachment":[{"href":"https:\/\/starling.fit\/de\/wp-json\/wp\/v2\/media?parent=3263"}],"curies":[{"name":"wp","href":"https:\/\/api.w.org\/{rel}","templated":true}]}}