{"id":3327,"date":"2024-12-03T10:10:35","date_gmt":"2024-12-03T10:10:35","guid":{"rendered":"https:\/\/starling.fit\/?page_id=3327"},"modified":"2025-09-09T09:43:12","modified_gmt":"2025-09-09T09:43:12","slug":"personal-training","status":"publish","type":"page","link":"https:\/\/starling.fit\/de\/personal-training\/","title":{"rendered":"Personal Training"},"content":{"rendered":"<div data-elementor-type=\"wp-page\" data-elementor-id=\"3327\" class=\"elementor elementor-3327\" data-elementor-post-type=\"page\">\n\t\t\t\t<div class=\"elementor-element elementor-element-07f1d5c e-con-full e-flex e-con e-parent\" data-id=\"07f1d5c\" data-element_type=\"container\" data-settings=\"{&quot;background_background&quot;:&quot;classic&quot;}\">\n\t\t\t\t<div class=\"elementor-element elementor-element-aa46ac7 elementor-widget elementor-widget-spacer\" data-id=\"aa46ac7\" data-element_type=\"widget\" data-widget_type=\"spacer.default\">\n\t\t\t\t<div class=\"elementor-widget-container\">\n\t\t\t\t\t<div class=\"elementor-spacer\">\n\t\t\t<div class=\"elementor-spacer-inner\"><\/div>\n\t\t<\/div>\n\t\t\t\t<\/div>\n\t\t\t\t<\/div>\n\t\t<div class=\"elementor-element elementor-element-968bec5 e-flex e-con-boxed e-con e-child\" data-id=\"968bec5\" data-element_type=\"container\">\n\t\t\t\t\t<div class=\"e-con-inner\">\n\t\t\t\t<div class=\"elementor-element elementor-element-02d1d92 elementor-widget elementor-widget-heading\" data-id=\"02d1d92\" data-element_type=\"widget\" data-widget_type=\"heading.default\">\n\t\t\t\t<div class=\"elementor-widget-container\">\n\t\t\t<h2 class=\"elementor-heading-title elementor-size-default\">Personal Training<\/h2>\t\t<\/div>\n\t\t\t\t<\/div>\n\t\t\t\t<div class=\"elementor-element elementor-element-d8f33ae elementor-widget-mobile__width-initial elementor-widget elementor-widget-heading\" data-id=\"d8f33ae\" data-element_type=\"widget\" data-widget_type=\"heading.default\">\n\t\t\t\t<div class=\"elementor-widget-container\">\n\t\t\t<h2 class=\"elementor-heading-title elementor-size-default\">deine Ziele, dein Plan, deine Ergebnisse<\/h2>\t\t<\/div>\n\t\t\t\t<\/div>\n\t\t\t\t\t<\/div>\n\t\t\t\t<\/div>\n\t\t\t\t<div class=\"elementor-element elementor-element-206412a elementor-widget elementor-widget-spacer\" data-id=\"206412a\" data-element_type=\"widget\" data-widget_type=\"spacer.default\">\n\t\t\t\t<div class=\"elementor-widget-container\">\n\t\t\t\t\t<div class=\"elementor-spacer\">\n\t\t\t<div class=\"elementor-spacer-inner\"><\/div>\n\t\t<\/div>\n\t\t\t\t<\/div>\n\t\t\t\t<\/div>\n\t\t\t\t<div class=\"elementor-element elementor-element-990bdf9 elementor-absolute elementor-widget elementor-widget-heading\" data-id=\"990bdf9\" data-element_type=\"widget\" data-settings=\"{&quot;_position&quot;:&quot;absolute&quot;}\" data-widget_type=\"heading.default\">\n\t\t\t\t<div class=\"elementor-widget-container\">\n\t\t\t<span class=\"elementor-heading-title elementor-size-default\">Personal Training<\/span>\t\t<\/div>\n\t\t\t\t<\/div>\n\t\t\t\t<\/div>\n\t\t<div class=\"elementor-element elementor-element-ec6e2cd e-con-full e-flex e-con e-parent\" data-id=\"ec6e2cd\" data-element_type=\"container\" data-settings=\"{&quot;background_background&quot;:&quot;classic&quot;}\">\n\t\t<div class=\"elementor-element elementor-element-959e31e e-flex e-con-boxed e-con e-child\" data-id=\"959e31e\" data-element_type=\"container\">\n\t\t\t\t\t<div class=\"e-con-inner\">\n\t\t\t\t<div class=\"elementor-element elementor-element-7371ba1 elementor-icon-list--layout-traditional elementor-list-item-link-full_width elementor-widget elementor-widget-icon-list\" data-id=\"7371ba1\" data-element_type=\"widget\" data-widget_type=\"icon-list.default\">\n\t\t\t\t<div class=\"elementor-widget-container\">\n\t\t\t\t\t<ul class=\"elementor-icon-list-items\">\n\t\t\t\t\t\t\t<li class=\"elementor-icon-list-item\">\n\t\t\t\t\t\t\t\t\t\t\t<span class=\"elementor-icon-list-icon\">\n\t\t\t\t\t\t\t<svg aria-hidden=\"true\" class=\"e-font-icon-svg e-fas-circle\" viewbox=\"0 0 512 512\" xmlns=\"http:\/\/www.w3.org\/2000\/svg\"><path d=\"M256 8C119 8 8 119 8 256s111 248 248 248 248-111 248-248S393 8 256 8z\"><\/path><\/svg>\t\t\t\t\t\t<\/span>\n\t\t\t\t\t\t\t\t\t\t<span class=\"elementor-icon-list-text\">Personal Training<\/span>\n\t\t\t\t\t\t\t\t\t<\/li>\n\t\t\t\t\t\t<\/ul>\n\t\t\t\t<\/div>\n\t\t\t\t<\/div>\n\t\t<div class=\"elementor-element elementor-element-e7afe80 e-con-full e-flex e-con e-child\" data-id=\"e7afe80\" data-element_type=\"container\">\n\t\t\t\t<div class=\"elementor-element elementor-element-af2afe7 elementor-widget__width-inherit elementor-widget elementor-widget-heading\" data-id=\"af2afe7\" data-element_type=\"widget\" data-widget_type=\"heading.default\">\n\t\t\t\t<div class=\"elementor-widget-container\">\n\t\t\t<h2 class=\"elementor-heading-title elementor-size-default\">Wir bei Starling Performance wissen, dass Fitness <span style=\"color:#8D8B56\">eine pers\u00f6nliche Angelegenheit ist. <\/span> Wir kombinieren fachkundige Betreuung, ma\u00dfgeschneiderte Pl\u00e4ne und kontinuierliche Unterst\u00fctzung, damit du <span style=\"color:#8D8B56\"><\/span> <span style=\"color:#8D8B56\">messbare und dauerhafte Ergebnisse erzielen kannst.<\/h2>\t\t<\/div>\n\t\t\t\t<\/div>\n\t\t\t\t<\/div>\n\t\t\t\t\t<\/div>\n\t\t\t\t<\/div>\n\t\t<div class=\"elementor-element elementor-element-2587ab9 e-flex e-con-boxed e-con e-child\" data-id=\"2587ab9\" data-element_type=\"container\">\n\t\t\t\t\t<div class=\"e-con-inner\">\n\t\t\t\t<div class=\"elementor-element elementor-element-921b930 elementor-widget elementor-widget-heading\" data-id=\"921b930\" data-element_type=\"widget\" data-widget_type=\"heading.default\">\n\t\t\t\t<div class=\"elementor-widget-container\">\n\t\t\t<h2 class=\"elementor-heading-title elementor-size-default\">Was Sie mit unserem Personal Training erhalten:<\/h2>\t\t<\/div>\n\t\t\t\t<\/div>\n\t\t\t\t<div class=\"elementor-element elementor-element-34de8a1 elementor-widget elementor-widget-spacer\" data-id=\"34de8a1\" data-element_type=\"widget\" data-widget_type=\"spacer.default\">\n\t\t\t\t<div class=\"elementor-widget-container\">\n\t\t\t\t\t<div class=\"elementor-spacer\">\n\t\t\t<div class=\"elementor-spacer-inner\"><\/div>\n\t\t<\/div>\n\t\t\t\t<\/div>\n\t\t\t\t<\/div>\n\t\t<div class=\"elementor-element elementor-element-e13f832 e-con-full e-flex e-con e-child\" data-id=\"e13f832\" data-element_type=\"container\">\n\t\t\t\t<div class=\"elementor-element elementor-element-66e8af6 elementor-widget__width-initial elementor-widget-mobile__width-inherit elementor-widget elementor-widget-image\" data-id=\"66e8af6\" data-element_type=\"widget\" data-widget_type=\"image.default\">\n\t\t\t\t<div class=\"elementor-widget-container\">\n\t\t\t\t\t\t\t\t\t\t\t\t\t<img fetchpriority=\"high\" decoding=\"async\" width=\"800\" height=\"788\" src=\"https:\/\/starling.fit\/wp-content\/uploads\/2024\/12\/feature_image-e1757410937543-1024x1008.webp\" class=\"attachment-large size-large wp-image-3333\" alt=\"\" srcset=\"https:\/\/starling.fit\/wp-content\/uploads\/2024\/12\/feature_image-e1757410937543-1024x1008.webp 1024w, https:\/\/starling.fit\/wp-content\/uploads\/2024\/12\/feature_image-e1757410937543-300x295.webp 300w, https:\/\/starling.fit\/wp-content\/uploads\/2024\/12\/feature_image-e1757410937543-768x756.webp 768w, https:\/\/starling.fit\/wp-content\/uploads\/2024\/12\/feature_image-e1757410937543-12x12.webp 12w, https:\/\/starling.fit\/wp-content\/uploads\/2024\/12\/feature_image-e1757410937543.webp 1129w\" sizes=\"(max-width: 800px) 100vw, 800px\" \/>\t\t\t\t\t\t\t\t\t\t\t\t\t<\/div>\n\t\t\t\t<\/div>\n\t\t\t\t<div class=\"elementor-element elementor-element-12575f2 elementor-widget elementor-widget-eael-adv-accordion\" data-id=\"12575f2\" data-element_type=\"widget\" data-widget_type=\"eael-adv-accordion.default\">\n\t\t\t\t<div class=\"elementor-widget-container\">\n\t\t\t        <div class=\"eael-adv-accordion\" id=\"eael-adv-accordion-12575f2\" data-scroll-on-click=\"no\" data-scroll-speed=\"300\" data-accordion-id=\"12575f2\" data-accordion-type=\"accordion\" data-toogle-speed=\"300\">\n    <div class=\"eael-accordion-list\">\n                <div id=\"span-classnmb01span-a-plan-that-fits-you-perfectly\" class=\"elementor-tab-title eael-accordion-header active-default\" tabindex=\"0\" data-tab=\"1\" aria-controls=\"elementor-tab-content-1921\"><span class=\"eael-accordion-tab-title\"><span class=\"nmb\">01<\/span> Ein Plan, der perfekt zu dir passt<\/span><span class=\"fa-accordion-icon fa-accordion-icon-svg eaa-svg eael-advanced-accordion-icon-closed\"><svg xmlns=\"http:\/\/www.w3.org\/2000\/svg\" width=\"32\" height=\"32\" viewbox=\"0 0 32 32\" fill=\"none\"><rect width=\"32\" height=\"32\" rx=\"16\" fill=\"black\" fill-opacity=\"0.3\"><\/rect><path d=\"M21 13.5L16 18.5L11 13.5\" stroke=\"white\" stroke-width=\"1.5\" stroke-linecap=\"round\" stroke-linejoin=\"round\"><\/path><\/svg><\/span><span class=\"fa-accordion-icon fa-accordion-icon-svg eaa-svg eael-advanced-accordion-icon-opened\"><svg xmlns=\"http:\/\/www.w3.org\/2000\/svg\" width=\"32\" height=\"32\" viewbox=\"0 0 32 32\" fill=\"none\"><rect width=\"32\" height=\"32\" rx=\"16\" fill=\"black\"><\/rect><path d=\"M11 18.5L16 13.5L21 18.5\" stroke=\"white\" stroke-width=\"1.5\" stroke-linecap=\"round\" stroke-linejoin=\"round\"><\/path><\/svg><\/span><\/div><div id=\"elementor-tab-content-1921\" class=\"eael-accordion-content clearfix active-default\" data-tab=\"1\" aria-labelledby=\"span-classnmb01span-a-plan-that-fits-you-perfectly\"><p><span style=\"font-weight: 400;\">Ganz gleich, ob du Kraft aufbauen, deine Beweglichkeit verbessern, deine Energie steigern oder dich auf ein Event vorbereiten m\u00f6chtest, wir erstellen ein Programm speziell f\u00fcr dich \u2013 nichts Generisches, keine Vermutungen.<\/span><\/p><\/div>\n                <\/div><div class=\"eael-accordion-list\">\n                <div id=\"span-classnmb02span-focused-one-on-one-coaching\" class=\"elementor-tab-title eael-accordion-header\" tabindex=\"0\" data-tab=\"2\" aria-controls=\"elementor-tab-content-1922\"><span class=\"eael-accordion-tab-title\"><span class=\"nmb\">02<\/span> Fokussiertes Einzelcoaching<\/span><span class=\"fa-accordion-icon fa-accordion-icon-svg eaa-svg eael-advanced-accordion-icon-closed\"><svg xmlns=\"http:\/\/www.w3.org\/2000\/svg\" width=\"32\" height=\"32\" viewbox=\"0 0 32 32\" fill=\"none\"><rect width=\"32\" height=\"32\" rx=\"16\" fill=\"black\" fill-opacity=\"0.3\"><\/rect><path d=\"M21 13.5L16 18.5L11 13.5\" stroke=\"white\" stroke-width=\"1.5\" stroke-linecap=\"round\" stroke-linejoin=\"round\"><\/path><\/svg><\/span><span class=\"fa-accordion-icon fa-accordion-icon-svg eaa-svg eael-advanced-accordion-icon-opened\"><svg xmlns=\"http:\/\/www.w3.org\/2000\/svg\" width=\"32\" height=\"32\" viewbox=\"0 0 32 32\" fill=\"none\"><rect width=\"32\" height=\"32\" rx=\"16\" fill=\"black\"><\/rect><path d=\"M11 18.5L16 13.5L21 18.5\" stroke=\"white\" stroke-width=\"1.5\" stroke-linecap=\"round\" stroke-linejoin=\"round\"><\/path><\/svg><\/span><\/div><div id=\"elementor-tab-content-1922\" class=\"eael-accordion-content clearfix\" data-tab=\"2\" aria-labelledby=\"span-classnmb02span-focused-one-on-one-coaching\"><p><span style=\"font-weight: 400;\">Dein Trainer oder eine Trainerin begleitet dich bei jeder Sitzung, leitet dich bei deiner Technik an, passt deinen Plan an und motiviert dich \u2013 k\u00f6rperlich und geistig \u2013, damit du auf Kurs bleibst und dich nicht verletzen.<\/span><\/p><\/div>\n                <\/div><div class=\"eael-accordion-list\">\n                <div id=\"span-classnmb03span-progress-you-can-see\" class=\"elementor-tab-title eael-accordion-header\" tabindex=\"0\" data-tab=\"3\" aria-controls=\"elementor-tab-content-1923\"><span class=\"eael-accordion-tab-title\"><span class=\"nmb\">03<\/span> Fortschritte, die du sehen kannst<\/span><span class=\"fa-accordion-icon fa-accordion-icon-svg eaa-svg eael-advanced-accordion-icon-closed\"><svg xmlns=\"http:\/\/www.w3.org\/2000\/svg\" width=\"32\" height=\"32\" viewbox=\"0 0 32 32\" fill=\"none\"><rect width=\"32\" height=\"32\" rx=\"16\" fill=\"black\" fill-opacity=\"0.3\"><\/rect><path d=\"M21 13.5L16 18.5L11 13.5\" stroke=\"white\" stroke-width=\"1.5\" stroke-linecap=\"round\" stroke-linejoin=\"round\"><\/path><\/svg><\/span><span class=\"fa-accordion-icon fa-accordion-icon-svg eaa-svg eael-advanced-accordion-icon-opened\"><svg xmlns=\"http:\/\/www.w3.org\/2000\/svg\" width=\"32\" height=\"32\" viewbox=\"0 0 32 32\" fill=\"none\"><rect width=\"32\" height=\"32\" rx=\"16\" fill=\"black\"><\/rect><path d=\"M11 18.5L16 13.5L21 18.5\" stroke=\"white\" stroke-width=\"1.5\" stroke-linecap=\"round\" stroke-linejoin=\"round\"><\/path><\/svg><\/span><\/div><div id=\"elementor-tab-content-1923\" class=\"eael-accordion-content clearfix\" data-tab=\"3\" aria-labelledby=\"span-classnmb03span-progress-you-can-see\"><p><span style=\"font-weight: 400;\">Verfolge jeden Meilenstein \u00fcber unsere Mitgliederplattform. \u00dcberpr\u00fcfe deine Erfolge mit deinem Trainer, passe dein Programm an und feier die Fortschritte, die du erzielt hast.<\/span><\/p><\/div>\n                <\/div><div class=\"eael-accordion-list\">\n                <div id=\"span-classnmb04span-training-that-fits-your-schedule\" class=\"elementor-tab-title eael-accordion-header\" tabindex=\"0\" data-tab=\"4\" aria-controls=\"elementor-tab-content-1924\"><span class=\"eael-accordion-tab-title\"><span class=\"nmb\">04<\/span> Training, das zu deinem Zeitplan passt<\/span><span class=\"fa-accordion-icon fa-accordion-icon-svg eaa-svg eael-advanced-accordion-icon-closed\"><svg xmlns=\"http:\/\/www.w3.org\/2000\/svg\" width=\"32\" height=\"32\" viewbox=\"0 0 32 32\" fill=\"none\"><rect width=\"32\" height=\"32\" rx=\"16\" fill=\"black\" fill-opacity=\"0.3\"><\/rect><path d=\"M21 13.5L16 18.5L11 13.5\" stroke=\"white\" stroke-width=\"1.5\" stroke-linecap=\"round\" stroke-linejoin=\"round\"><\/path><\/svg><\/span><span class=\"fa-accordion-icon fa-accordion-icon-svg eaa-svg eael-advanced-accordion-icon-opened\"><svg xmlns=\"http:\/\/www.w3.org\/2000\/svg\" width=\"32\" height=\"32\" viewbox=\"0 0 32 32\" fill=\"none\"><rect width=\"32\" height=\"32\" rx=\"16\" fill=\"black\"><\/rect><path d=\"M11 18.5L16 13.5L21 18.5\" stroke=\"white\" stroke-width=\"1.5\" stroke-linecap=\"round\" stroke-linejoin=\"round\"><\/path><\/svg><\/span><\/div><div id=\"elementor-tab-content-1924\" class=\"eael-accordion-content clearfix\" data-tab=\"4\" aria-labelledby=\"span-classnmb04span-training-that-fits-your-schedule\"><p><span style=\"font-weight: 400;\">Fr\u00fch morgens, in der Mittagspause, abends \u2013 wir passen uns deinem Lebensstil an, damit du Fitness zu einem festen, stressfreien Bestandteil deiner Woche machen kannst.<\/span><\/p><\/div>\n                <\/div><div class=\"eael-accordion-list\">\n                <div id=\"span-classnmb05span-support-beyond-the-workout\" class=\"elementor-tab-title eael-accordion-header\" tabindex=\"0\" data-tab=\"5\" aria-controls=\"elementor-tab-content-1925\"><span class=\"eael-accordion-tab-title\"><span class=\"nmb\">05<\/span> Unterst\u00fctzung \u00fcber das Training hinaus<\/span><span class=\"fa-accordion-icon fa-accordion-icon-svg eaa-svg eael-advanced-accordion-icon-closed\"><svg xmlns=\"http:\/\/www.w3.org\/2000\/svg\" width=\"32\" height=\"32\" viewbox=\"0 0 32 32\" fill=\"none\"><rect width=\"32\" height=\"32\" rx=\"16\" fill=\"black\" fill-opacity=\"0.3\"><\/rect><path d=\"M21 13.5L16 18.5L11 13.5\" stroke=\"white\" stroke-width=\"1.5\" stroke-linecap=\"round\" stroke-linejoin=\"round\"><\/path><\/svg><\/span><span class=\"fa-accordion-icon fa-accordion-icon-svg eaa-svg eael-advanced-accordion-icon-opened\"><svg xmlns=\"http:\/\/www.w3.org\/2000\/svg\" width=\"32\" height=\"32\" viewbox=\"0 0 32 32\" fill=\"none\"><rect width=\"32\" height=\"32\" rx=\"16\" fill=\"black\"><\/rect><path d=\"M11 18.5L16 13.5L21 18.5\" stroke=\"white\" stroke-width=\"1.5\" stroke-linecap=\"round\" stroke-linejoin=\"round\"><\/path><\/svg><\/span><\/div><div id=\"elementor-tab-content-1925\" class=\"eael-accordion-content clearfix\" data-tab=\"5\" aria-labelledby=\"span-classnmb05span-support-beyond-the-workout\"><p><span style=\"font-weight: 400;\">Wir helfen dir dabei, motiviert zu bleiben, Stress zu bew\u00e4ltigen und gesunde Gewohnheiten beizubehalten \u2013 auch wenn du nicht im Fitnessstudio bist.<\/span><\/p><\/div>\n                <\/div><\/div>\t\t<\/div>\n\t\t\t\t<\/div>\n\t\t\t\t<\/div>\n\t\t\t\t\t<\/div>\n\t\t\t\t<\/div>\n\t\t\t\t<div class=\"elementor-element elementor-element-d554645 elementor-widget elementor-widget-spacer\" data-id=\"d554645\" data-element_type=\"widget\" data-widget_type=\"spacer.default\">\n\t\t\t\t<div class=\"elementor-widget-container\">\n\t\t\t\t\t<div class=\"elementor-spacer\">\n\t\t\t<div class=\"elementor-spacer-inner\"><\/div>\n\t\t<\/div>\n\t\t\t\t<\/div>\n\t\t\t\t<\/div>\n\t\t\t\t<\/div>\n\t\t<div class=\"elementor-element elementor-element-c16b482 e-con-full e-flex e-con e-parent\" data-id=\"c16b482\" data-element_type=\"container\">\n\t\t\t\t<div class=\"elementor-element elementor-element-eafc467 elementor-widget elementor-widget-spacer\" data-id=\"eafc467\" data-element_type=\"widget\" data-widget_type=\"spacer.default\">\n\t\t\t\t<div class=\"elementor-widget-container\">\n\t\t\t\t\t<div class=\"elementor-spacer\">\n\t\t\t<div class=\"elementor-spacer-inner\"><\/div>\n\t\t<\/div>\n\t\t\t\t<\/div>\n\t\t\t\t<\/div>\n\t\t<div class=\"elementor-element elementor-element-1710895 e-flex e-con-boxed e-con e-child\" data-id=\"1710895\" data-element_type=\"container\">\n\t\t\t\t\t<div class=\"e-con-inner\">\n\t\t\t\t<div class=\"elementor-element elementor-element-98dbb1a elementor-widget__width-initial elementor-widget elementor-widget-heading\" data-id=\"98dbb1a\" data-element_type=\"widget\" data-widget_type=\"heading.default\">\n\t\t\t\t<div class=\"elementor-widget-container\">\n\t\t\t<h2 class=\"elementor-heading-title elementor-size-default\">Warum solltest du dich f\u00fcr ein Personal Training bei STARLING PERFORMANCE entscheiden?<\/h2>\t\t<\/div>\n\t\t\t\t<\/div>\n\t\t\t\t<div class=\"elementor-element elementor-element-ef93f77 elementor-widget elementor-widget-spacer\" data-id=\"ef93f77\" data-element_type=\"widget\" data-widget_type=\"spacer.default\">\n\t\t\t\t<div class=\"elementor-widget-container\">\n\t\t\t\t\t<div class=\"elementor-spacer\">\n\t\t\t<div class=\"elementor-spacer-inner\"><\/div>\n\t\t<\/div>\n\t\t\t\t<\/div>\n\t\t\t\t<\/div>\n\t\t<div class=\"elementor-element elementor-element-f26f83a e-grid e-con-full e-con e-child\" data-id=\"f26f83a\" data-element_type=\"container\">\n\t\t<div class=\"elementor-element elementor-element-812a217 e-con-full e-flex e-con e-child\" data-id=\"812a217\" data-element_type=\"container\" data-settings=\"{&quot;background_background&quot;:&quot;classic&quot;}\">\n\t\t\t\t<div class=\"elementor-element elementor-element-1070b8b elementor-widget elementor-widget-image\" data-id=\"1070b8b\" data-element_type=\"widget\" data-widget_type=\"image.default\">\n\t\t\t\t<div class=\"elementor-widget-container\">\n\t\t\t\t\t\t\t\t\t\t\t\t\t<img decoding=\"async\" width=\"80\" height=\"80\" src=\"https:\/\/starling.fit\/wp-content\/uploads\/2024\/12\/personal1.webp\" class=\"attachment-large size-large wp-image-3353\" alt=\"\" \/>\t\t\t\t\t\t\t\t\t\t\t\t\t<\/div>\n\t\t\t\t<\/div>\n\t\t\t\t<div class=\"elementor-element elementor-element-cca93fd elementor-widget elementor-widget-heading\" data-id=\"cca93fd\" data-element_type=\"widget\" data-widget_type=\"heading.default\">\n\t\t\t\t<div class=\"elementor-widget-container\">\n\t\t\t<div class=\"elementor-heading-title elementor-size-default\">Vollst\u00e4ndig ma\u00dfgeschneiderter Ansatz<\/div>\t\t<\/div>\n\t\t\t\t<\/div>\n\t\t\t\t<\/div>\n\t\t<div class=\"elementor-element elementor-element-2610342 e-con-full e-flex e-con e-child\" data-id=\"2610342\" data-element_type=\"container\" data-settings=\"{&quot;background_background&quot;:&quot;classic&quot;}\">\n\t\t\t\t<div class=\"elementor-element elementor-element-6fe131b elementor-widget elementor-widget-image\" data-id=\"6fe131b\" data-element_type=\"widget\" data-widget_type=\"image.default\">\n\t\t\t\t<div class=\"elementor-widget-container\">\n\t\t\t\t\t\t\t\t\t\t\t\t\t<img decoding=\"async\" width=\"80\" height=\"80\" src=\"https:\/\/starling.fit\/wp-content\/uploads\/2024\/12\/personal2.webp\" class=\"attachment-large size-large wp-image-3354\" alt=\"\" \/>\t\t\t\t\t\t\t\t\t\t\t\t\t<\/div>\n\t\t\t\t<\/div>\n\t\t\t\t<div class=\"elementor-element elementor-element-946421b elementor-widget elementor-widget-heading\" data-id=\"946421b\" data-element_type=\"widget\" data-widget_type=\"heading.default\">\n\t\t\t\t<div class=\"elementor-widget-container\">\n\t\t\t<div class=\"elementor-heading-title elementor-size-default\">Echte Verantwortlichkeit<\/div>\t\t<\/div>\n\t\t\t\t<\/div>\n\t\t\t\t<\/div>\n\t\t<div class=\"elementor-element elementor-element-44a9fdc e-con-full e-flex e-con e-child\" data-id=\"44a9fdc\" data-element_type=\"container\" data-settings=\"{&quot;background_background&quot;:&quot;classic&quot;}\">\n\t\t\t\t<div class=\"elementor-element elementor-element-d970fb5 elementor-widget elementor-widget-image\" data-id=\"d970fb5\" data-element_type=\"widget\" data-widget_type=\"image.default\">\n\t\t\t\t<div class=\"elementor-widget-container\">\n\t\t\t\t\t\t\t\t\t\t\t\t\t<img loading=\"lazy\" decoding=\"async\" width=\"80\" height=\"80\" src=\"https:\/\/starling.fit\/wp-content\/uploads\/2024\/12\/personal3.webp\" class=\"attachment-large size-large wp-image-3355\" alt=\"\" \/>\t\t\t\t\t\t\t\t\t\t\t\t\t<\/div>\n\t\t\t\t<\/div>\n\t\t\t\t<div class=\"elementor-element elementor-element-5eadb58 elementor-widget elementor-widget-heading\" data-id=\"5eadb58\" data-element_type=\"widget\" data-widget_type=\"heading.default\">\n\t\t\t\t<div class=\"elementor-widget-container\">\n\t\t\t<div class=\"elementor-heading-title elementor-size-default\">Bew\u00e4hrte, sichtbare Ergebnisse\u00a0<\/div>\t\t<\/div>\n\t\t\t\t<\/div>\n\t\t\t\t<\/div>\n\t\t<div class=\"elementor-element elementor-element-e3e01e7 e-con-full e-flex e-con e-child\" data-id=\"e3e01e7\" data-element_type=\"container\" data-settings=\"{&quot;background_background&quot;:&quot;classic&quot;}\">\n\t\t\t\t<div class=\"elementor-element elementor-element-d20ebf6 elementor-widget elementor-widget-image\" data-id=\"d20ebf6\" data-element_type=\"widget\" data-widget_type=\"image.default\">\n\t\t\t\t<div class=\"elementor-widget-container\">\n\t\t\t\t\t\t\t\t\t\t\t\t\t<img loading=\"lazy\" decoding=\"async\" width=\"80\" height=\"80\" src=\"https:\/\/starling.fit\/wp-content\/uploads\/2024\/12\/personal4.webp\" class=\"attachment-large size-large wp-image-3356\" alt=\"\" \/>\t\t\t\t\t\t\t\t\t\t\t\t\t<\/div>\n\t\t\t\t<\/div>\n\t\t\t\t<div class=\"elementor-element elementor-element-50178cc elementor-widget elementor-widget-heading\" data-id=\"50178cc\" data-element_type=\"widget\" data-widget_type=\"heading.default\">\n\t\t\t\t<div class=\"elementor-widget-container\">\n\t\t\t<div class=\"elementor-heading-title elementor-size-default\">Exklusiver Zugang zu unserer Mitgliederplattform<\/div>\t\t<\/div>\n\t\t\t\t<\/div>\n\t\t\t\t<\/div>\n\t\t\t\t<\/div>\n\t\t\t\t<div class=\"elementor-element elementor-element-e1297e6 elementor-widget elementor-widget-spacer\" data-id=\"e1297e6\" data-element_type=\"widget\" data-widget_type=\"spacer.default\">\n\t\t\t\t<div class=\"elementor-widget-container\">\n\t\t\t\t\t<div class=\"elementor-spacer\">\n\t\t\t<div class=\"elementor-spacer-inner\"><\/div>\n\t\t<\/div>\n\t\t\t\t<\/div>\n\t\t\t\t<\/div>\n\t\t<div class=\"elementor-element elementor-element-f4f9c6f e-con-full e-flex e-con e-child\" data-id=\"f4f9c6f\" data-element_type=\"container\" data-settings=\"{&quot;background_background&quot;:&quot;classic&quot;}\">\n\t\t\t\t<div class=\"elementor-element elementor-element-2162bf9 elementor-widget__width-initial elementor-widget elementor-widget-heading\" data-id=\"2162bf9\" data-element_type=\"widget\" data-widget_type=\"heading.default\">\n\t\t\t\t<div class=\"elementor-widget-container\">\n\t\t\t<h2 class=\"elementor-heading-title elementor-size-default\">Deine Ziele sind in greifbarer N\u00e4he \u2013 lass sie uns gemeinsam erreichen.<\/h2>\t\t<\/div>\n\t\t\t\t<\/div>\n\t\t<div class=\"elementor-element elementor-element-45ecd11 e-con-full e-flex e-con e-child\" data-id=\"45ecd11\" data-element_type=\"container\">\n\t\t\t\t<div class=\"elementor-element elementor-element-9925ec6 elementor-mobile-align-justify elementor-widget-mobile__width-inherit elementor-widget elementor-widget-button\" data-id=\"9925ec6\" data-element_type=\"widget\" data-widget_type=\"button.default\">\n\t\t\t\t<div class=\"elementor-widget-container\">\n\t\t\t\t\t\t\t<div class=\"elementor-button-wrapper\">\n\t\t\t\t\t<a class=\"elementor-button elementor-button-link elementor-size-sm\" href=\"https:\/\/api.grow.pushpress.com\/widget\/booking\/eIVxjr4c7Fa8eZ3Dzkzq\">\n\t\t\t\t\t\t<span class=\"elementor-button-content-wrapper\">\n\t\t\t\t\t\t\t\t\t<span class=\"elementor-button-text\">INTRO-CALL BUCHEN<\/span>\n\t\t\t\t\t<\/span>\n\t\t\t\t\t<\/a>\n\t\t\t\t<\/div>\n\t\t\t\t\t\t<\/div>\n\t\t\t\t<\/div>\n\t\t\t\t<\/div>\n\t\t\t\t<\/div>\n\t\t\t\t\t<\/div>\n\t\t\t\t<\/div>\n\t\t\t\t<div class=\"elementor-element elementor-element-da5263b elementor-widget elementor-widget-spacer\" data-id=\"da5263b\" data-element_type=\"widget\" data-widget_type=\"spacer.default\">\n\t\t\t\t<div class=\"elementor-widget-container\">\n\t\t\t\t\t<div class=\"elementor-spacer\">\n\t\t\t<div class=\"elementor-spacer-inner\"><\/div>\n\t\t<\/div>\n\t\t\t\t<\/div>\n\t\t\t\t<\/div>\n\t\t\t\t<\/div>\n\t\t\t\t<\/div>","protected":false},"excerpt":{"rendered":"<p>Personal Training Your Goals, Your Plan, Your Results Personal Training Personal Training We know fitness is personal. Your your goals, your lifestyle, your pace. We combine expert coaching, tailored plans, and ongoing support to help you get measurable results that last. What You Get with our personal training: 01 A plan that fits you perfectly [&hellip;]<\/p>","protected":false},"author":1,"featured_media":0,"parent":0,"menu_order":0,"comment_status":"closed","ping_status":"closed","template":"","meta":{"_acf_changed":false,"footnotes":""},"class_list":["post-3327","page","type-page","status-publish","hentry"],"acf":[],"_links":{"self":[{"href":"https:\/\/starling.fit\/de\/wp-json\/wp\/v2\/pages\/3327","targetHints":{"allow":["GET"]}}],"collection":[{"href":"https:\/\/starling.fit\/de\/wp-json\/wp\/v2\/pages"}],"about":[{"href":"https:\/\/starling.fit\/de\/wp-json\/wp\/v2\/types\/page"}],"author":[{"embeddable":true,"href":"https:\/\/starling.fit\/de\/wp-json\/wp\/v2\/users\/1"}],"replies":[{"embeddable":true,"href":"https:\/\/starling.fit\/de\/wp-json\/wp\/v2\/comments?post=3327"}],"version-history":[{"count":102,"href":"https:\/\/starling.fit\/de\/wp-json\/wp\/v2\/pages\/3327\/revisions"}],"predecessor-version":[{"id":6115,"href":"https:\/\/starling.fit\/de\/wp-json\/wp\/v2\/pages\/3327\/revisions\/6115"}],"wp:attachment":[{"href":"https:\/\/starling.fit\/de\/wp-json\/wp\/v2\/media?parent=3327"}],"curies":[{"name":"wp","href":"https:\/\/api.w.org\/{rel}","templated":true}]}}