{"id":3791,"date":"2024-12-10T07:36:02","date_gmt":"2024-12-10T07:36:02","guid":{"rendered":"https:\/\/starling.fit\/?page_id=3791"},"modified":"2025-09-09T09:26:15","modified_gmt":"2025-09-09T09:26:15","slug":"our-story","status":"publish","type":"page","link":"https:\/\/starling.fit\/de\/our-story\/","title":{"rendered":"our-story"},"content":{"rendered":"<div data-elementor-type=\"wp-page\" data-elementor-id=\"3791\" class=\"elementor elementor-3791\" data-elementor-post-type=\"page\">\n\t\t\t\t<div class=\"elementor-element elementor-element-44e6d1bb e-con-full e-flex e-con e-parent\" data-id=\"44e6d1bb\" data-element_type=\"container\" data-settings=\"{&quot;background_background&quot;:&quot;classic&quot;}\">\n\t\t\t\t<div class=\"elementor-element elementor-element-135255ec elementor-widget elementor-widget-spacer\" data-id=\"135255ec\" data-element_type=\"widget\" data-widget_type=\"spacer.default\">\n\t\t\t\t<div class=\"elementor-widget-container\">\n\t\t\t\t\t<div class=\"elementor-spacer\">\n\t\t\t<div class=\"elementor-spacer-inner\"><\/div>\n\t\t<\/div>\n\t\t\t\t<\/div>\n\t\t\t\t<\/div>\n\t\t<div class=\"elementor-element elementor-element-105f8c42 e-flex e-con-boxed e-con e-child\" data-id=\"105f8c42\" data-element_type=\"container\">\n\t\t\t\t\t<div class=\"e-con-inner\">\n\t\t\t\t<div class=\"elementor-element elementor-element-70e20b09 elementor-widget elementor-widget-heading\" data-id=\"70e20b09\" data-element_type=\"widget\" data-widget_type=\"heading.default\">\n\t\t\t\t<div class=\"elementor-widget-container\">\n\t\t\t<h1 class=\"elementor-heading-title elementor-size-default\">UNSERE GESCHICHTE<\/h1>\t\t<\/div>\n\t\t\t\t<\/div>\n\t\t\t\t<div class=\"elementor-element elementor-element-297e6da4 elementor-widget elementor-widget-heading\" data-id=\"297e6da4\" data-element_type=\"widget\" data-widget_type=\"heading.default\">\n\t\t\t\t<div class=\"elementor-widget-container\">\n\t\t\t<span class=\"elementor-heading-title elementor-size-default\">Die Geschichte hinter Starling Performance<\/span>\t\t<\/div>\n\t\t\t\t<\/div>\n\t\t\t\t\t<\/div>\n\t\t\t\t<\/div>\n\t\t\t\t<div class=\"elementor-element elementor-element-1f5ddb9a elementor-widget elementor-widget-spacer\" data-id=\"1f5ddb9a\" data-element_type=\"widget\" data-widget_type=\"spacer.default\">\n\t\t\t\t<div class=\"elementor-widget-container\">\n\t\t\t\t\t<div class=\"elementor-spacer\">\n\t\t\t<div class=\"elementor-spacer-inner\"><\/div>\n\t\t<\/div>\n\t\t\t\t<\/div>\n\t\t\t\t<\/div>\n\t\t\t\t<div class=\"elementor-element elementor-element-74640e2 elementor-absolute no-translate elementor-widget elementor-widget-heading\" data-id=\"74640e2\" data-element_type=\"widget\" data-settings=\"{&quot;_position&quot;:&quot;absolute&quot;}\" data-widget_type=\"heading.default\" data-no-translation=\"\" data-no-auto-translation=\"\">\n\t\t\t\t<div class=\"elementor-widget-container\">\n\t\t\t<span class=\"elementor-heading-title elementor-size-default\">OUR STORY<\/span>\t\t<\/div>\n\t\t\t\t<\/div>\n\t\t\t\t<\/div>\n\t\t<div class=\"elementor-element elementor-element-096e652 e-con-full e-flex e-con e-parent\" data-id=\"096e652\" data-element_type=\"container\" data-settings=\"{&quot;background_background&quot;:&quot;classic&quot;}\">\n\t\t\t\t<div class=\"elementor-element elementor-element-e3ecce9 elementor-widget elementor-widget-spacer\" data-id=\"e3ecce9\" data-element_type=\"widget\" data-widget_type=\"spacer.default\">\n\t\t\t\t<div class=\"elementor-widget-container\">\n\t\t\t\t\t<div class=\"elementor-spacer\">\n\t\t\t<div class=\"elementor-spacer-inner\"><\/div>\n\t\t<\/div>\n\t\t\t\t<\/div>\n\t\t\t\t<\/div>\n\t\t<div class=\"elementor-element elementor-element-653c130 e-flex e-con-boxed e-con e-child\" data-id=\"653c130\" data-element_type=\"container\">\n\t\t\t\t\t<div class=\"e-con-inner\">\n\t\t<div class=\"elementor-element elementor-element-989192e e-con-full e-flex e-con e-child\" data-id=\"989192e\" data-element_type=\"container\">\n\t\t\t\t<div class=\"elementor-element elementor-element-f50f308 elementor-icon-list--layout-traditional elementor-list-item-link-full_width elementor-widget elementor-widget-icon-list\" data-id=\"f50f308\" data-element_type=\"widget\" data-widget_type=\"icon-list.default\">\n\t\t\t\t<div class=\"elementor-widget-container\">\n\t\t\t\t\t<ul class=\"elementor-icon-list-items\">\n\t\t\t\t\t\t\t<li class=\"elementor-icon-list-item\">\n\t\t\t\t\t\t\t\t\t\t\t<span class=\"elementor-icon-list-icon\">\n\t\t\t\t\t\t\t<svg aria-hidden=\"true\" class=\"e-font-icon-svg e-fas-circle\" viewbox=\"0 0 512 512\" xmlns=\"http:\/\/www.w3.org\/2000\/svg\"><path d=\"M256 8C119 8 8 119 8 256s111 248 248 248 248-111 248-248S393 8 256 8z\"><\/path><\/svg>\t\t\t\t\t\t<\/span>\n\t\t\t\t\t\t\t\t\t\t<span class=\"elementor-icon-list-text\">Vom Sport gepr\u00e4gt<\/span>\n\t\t\t\t\t\t\t\t\t<\/li>\n\t\t\t\t\t\t<\/ul>\n\t\t\t\t<\/div>\n\t\t\t\t<\/div>\n\t\t\t\t<div class=\"elementor-element elementor-element-b7c2830 elementor-widget__width-initial elementor-widget-mobile__width-inherit elementor-widget elementor-widget-heading\" data-id=\"b7c2830\" data-element_type=\"widget\" data-widget_type=\"heading.default\">\n\t\t\t\t<div class=\"elementor-widget-container\">\n\t\t\t<p class=\"elementor-heading-title elementor-size-default\">Starling Performance entstand aus einer starken Vision heraus: einen Ort zu schaffen, an dem Fitness mehr ist als nur schnelle Ergebnisse \u2013 an dem sie zu einem lebenslangen Werkzeug f\u00fcr Gesundheit, Belastbarkeit und pers\u00f6nliches Wachstum wird.<br> <br>\nIm Mittelpunkt dieser Vision steht Cristiano Starling, ein brasilianischer Athlet, dessen Leben durch den Sport gepr\u00e4gt und letztendlich ver\u00e4ndert wurde. Cristiano wuchs unter schwierigen Umst\u00e4nden auf und fand durch Kampfsportarten Kraft und Orientierung, angeleitet von Mentoren, die ihm Disziplin, Konzentration und Ausdauer beibrachten. Bei Wettk\u00e4mpfen auf nationaler Ebene erlebte er, wie Bewegung und Denkweise den Unterschied zwischen \u00dcberleben und Erfolg ausmachen k\u00f6nnen.<\/p>\t\t<\/div>\n\t\t\t\t<\/div>\n\t\t\t\t<\/div>\n\t\t\t\t<div class=\"elementor-element elementor-element-ab0c850 elementor-widget-divider--view-line elementor-widget elementor-widget-divider\" data-id=\"ab0c850\" data-element_type=\"widget\" data-widget_type=\"divider.default\">\n\t\t\t\t<div class=\"elementor-widget-container\">\n\t\t\t\t\t<div class=\"elementor-divider\">\n\t\t\t<span class=\"elementor-divider-separator\">\n\t\t\t\t\t\t<\/span>\n\t\t<\/div>\n\t\t\t\t<\/div>\n\t\t\t\t<\/div>\n\t\t<div class=\"elementor-element elementor-element-904ca6e e-con-full e-flex e-con e-child\" data-id=\"904ca6e\" data-element_type=\"container\">\n\t\t\t\t<div class=\"elementor-element elementor-element-38807d6 elementor-icon-list--layout-traditional elementor-list-item-link-full_width elementor-widget elementor-widget-icon-list\" data-id=\"38807d6\" data-element_type=\"widget\" data-widget_type=\"icon-list.default\">\n\t\t\t\t<div class=\"elementor-widget-container\">\n\t\t\t\t\t<ul class=\"elementor-icon-list-items\">\n\t\t\t\t\t\t\t<li class=\"elementor-icon-list-item\">\n\t\t\t\t\t\t\t\t\t\t\t<span class=\"elementor-icon-list-icon\">\n\t\t\t\t\t\t\t<svg aria-hidden=\"true\" class=\"e-font-icon-svg e-fas-circle\" viewbox=\"0 0 512 512\" xmlns=\"http:\/\/www.w3.org\/2000\/svg\"><path d=\"M256 8C119 8 8 119 8 256s111 248 248 248 248-111 248-248S393 8 256 8z\"><\/path><\/svg>\t\t\t\t\t\t<\/span>\n\t\t\t\t\t\t\t\t\t\t<span class=\"elementor-icon-list-text\">CrossFit und neue Ziele<\/span>\n\t\t\t\t\t\t\t\t\t<\/li>\n\t\t\t\t\t\t<\/ul>\n\t\t\t\t<\/div>\n\t\t\t\t<\/div>\n\t\t\t\t<div class=\"elementor-element elementor-element-512491f elementor-widget__width-initial elementor-widget-mobile__width-inherit elementor-widget elementor-widget-heading\" data-id=\"512491f\" data-element_type=\"widget\" data-widget_type=\"heading.default\">\n\t\t\t\t<div class=\"elementor-widget-container\">\n\t\t\t<p class=\"elementor-heading-title elementor-size-default\">Im Jahr 2010 entdeckte Cristiano CrossFit, gerade als es zu wachsen begann. Er war nicht nur von den Ergebnissen begeistert, sondern auch von der Intensit\u00e4t, der Struktur und dem Gemeinschaftsgef\u00fchl. Aber als er sich intensiver damit besch\u00e4ftigte, bemerkte er eine entscheidende L\u00fccke: W\u00e4hrend sich viele Fitnessstudios darauf konzentrierten, h\u00e4rter und schneller zu trainieren, boten sie selten die Unterst\u00fctzung bei der Erholung, die f\u00fcr ein nachhaltiges Training notwendig ist. Die Sportler waren oft ersch\u00f6pft, \u00fcbertrainiert oder verletzt \u2013 und mussten sich selbst um den Rest k\u00fcmmern.<\/p>\t\t<\/div>\n\t\t\t\t<\/div>\n\t\t\t\t<\/div>\n\t\t\t\t<div class=\"elementor-element elementor-element-82e8e8d elementor-widget-divider--view-line elementor-widget elementor-widget-divider\" data-id=\"82e8e8d\" data-element_type=\"widget\" data-widget_type=\"divider.default\">\n\t\t\t\t<div class=\"elementor-widget-container\">\n\t\t\t\t\t<div class=\"elementor-divider\">\n\t\t\t<span class=\"elementor-divider-separator\">\n\t\t\t\t\t\t<\/span>\n\t\t<\/div>\n\t\t\t\t<\/div>\n\t\t\t\t<\/div>\n\t\t<div class=\"elementor-element elementor-element-759a52a e-con-full e-flex e-con e-child\" data-id=\"759a52a\" data-element_type=\"container\">\n\t\t\t\t<div class=\"elementor-element elementor-element-ce4c476 elementor-icon-list--layout-traditional elementor-list-item-link-full_width elementor-widget elementor-widget-icon-list\" data-id=\"ce4c476\" data-element_type=\"widget\" data-widget_type=\"icon-list.default\">\n\t\t\t\t<div class=\"elementor-widget-container\">\n\t\t\t\t\t<ul class=\"elementor-icon-list-items\">\n\t\t\t\t\t\t\t<li class=\"elementor-icon-list-item\">\n\t\t\t\t\t\t\t\t\t\t\t<span class=\"elementor-icon-list-icon\">\n\t\t\t\t\t\t\t<svg aria-hidden=\"true\" class=\"e-font-icon-svg e-fas-circle\" viewbox=\"0 0 512 512\" xmlns=\"http:\/\/www.w3.org\/2000\/svg\"><path d=\"M256 8C119 8 8 119 8 256s111 248 248 248 248-111 248-248S393 8 256 8z\"><\/path><\/svg>\t\t\t\t\t\t<\/span>\n\t\t\t\t\t\t\t\t\t\t<span class=\"elementor-icon-list-text\">Eine ganzheitliche Vision von Fitness<\/span>\n\t\t\t\t\t\t\t\t\t<\/li>\n\t\t\t\t\t\t<\/ul>\n\t\t\t\t<\/div>\n\t\t\t\t<\/div>\n\t\t\t\t<div class=\"elementor-element elementor-element-0481c97 elementor-widget__width-initial elementor-widget-mobile__width-inherit elementor-widget elementor-widget-heading\" data-id=\"0481c97\" data-element_type=\"widget\" data-widget_type=\"heading.default\">\n\t\t\t\t<div class=\"elementor-widget-container\">\n\t\t\t<p class=\"elementor-heading-title elementor-size-default\">Cristiano war \u00fcberzeugt, dass es einen besseren Weg geben musste. Er stellte sich einen Ort vor, an dem Leistung und Erholung Hand in Hand gehen. Einen Ort, an dem Menschen \u2013 nicht nur Sportler \u2013 dabei unterst\u00fctzt werden, nachhaltige Routinen f\u00fcr Energie, Ausgeglichenheit und Gesundheit zu entwickeln. Einen Ort, an dem Fitness nicht nur etwas ist, das man tut, sondern eine Lebenseinstellung.<\/p>\t\t<\/div>\n\t\t\t\t<\/div>\n\t\t\t\t<\/div>\n\t\t\t\t<div class=\"elementor-element elementor-element-9598739 elementor-widget-divider--view-line elementor-widget elementor-widget-divider\" data-id=\"9598739\" data-element_type=\"widget\" data-widget_type=\"divider.default\">\n\t\t\t\t<div class=\"elementor-widget-container\">\n\t\t\t\t\t<div class=\"elementor-divider\">\n\t\t\t<span class=\"elementor-divider-separator\">\n\t\t\t\t\t\t<\/span>\n\t\t<\/div>\n\t\t\t\t<\/div>\n\t\t\t\t<\/div>\n\t\t<div class=\"elementor-element elementor-element-19b40db e-con-full e-flex e-con e-child\" data-id=\"19b40db\" data-element_type=\"container\">\n\t\t\t\t<div class=\"elementor-element elementor-element-3132fe7 elementor-icon-list--layout-traditional elementor-list-item-link-full_width elementor-widget elementor-widget-icon-list\" data-id=\"3132fe7\" data-element_type=\"widget\" data-widget_type=\"icon-list.default\">\n\t\t\t\t<div class=\"elementor-widget-container\">\n\t\t\t\t\t<ul class=\"elementor-icon-list-items\">\n\t\t\t\t\t\t\t<li class=\"elementor-icon-list-item\">\n\t\t\t\t\t\t\t\t\t\t\t<span class=\"elementor-icon-list-icon\">\n\t\t\t\t\t\t\t<svg aria-hidden=\"true\" class=\"e-font-icon-svg e-fas-circle\" viewbox=\"0 0 512 512\" xmlns=\"http:\/\/www.w3.org\/2000\/svg\"><path d=\"M256 8C119 8 8 119 8 256s111 248 248 248 248-111 248-248S393 8 256 8z\"><\/path><\/svg>\t\t\t\t\t\t<\/span>\n\t\t\t\t\t\t\t\t\t\t<span class=\"elementor-icon-list-text\">Gemeinsam zum Erfolg<\/span>\n\t\t\t\t\t\t\t\t\t<\/li>\n\t\t\t\t\t\t<\/ul>\n\t\t\t\t<\/div>\n\t\t\t\t<\/div>\n\t\t<div class=\"elementor-element elementor-element-35a65b3 e-con-full e-flex e-con e-child\" data-id=\"35a65b3\" data-element_type=\"container\">\n\t\t\t\t<div class=\"elementor-element elementor-element-73b996b elementor-widget-mobile__width-inherit elementor-widget elementor-widget-heading\" data-id=\"73b996b\" data-element_type=\"widget\" data-widget_type=\"heading.default\">\n\t\t\t\t<div class=\"elementor-widget-container\">\n\t\t\t<p class=\"elementor-heading-title elementor-size-default\">Nach seinem Umzug nach Berlin lernte Cristiano Salim Kraatz kennen, einen in Berlin ans\u00e4ssigen Unternehmer, der seine Vision teilte und seine Start-up-Erfahrung einbrachte. W\u00e4hrend Cristiano sich auf die Entwicklung des Konzepts und die Zusammenstellung eines handverlesenen Teams aus erfahrenen Trainern, Community-Managern und Kreativen konzentrierte, legte Salim den Grundstein, indem er sich um die gesch\u00e4ftliche Seite k\u00fcmmerte, um das Projekt zum Leben zu erwecken.<\/p>\t\t<\/div>\n\t\t\t\t<\/div>\n\t\t\t\t<div class=\"elementor-element elementor-element-33e6d14 elementor-widget__width-inherit elementor-widget elementor-widget-image\" data-id=\"33e6d14\" data-element_type=\"widget\" data-widget_type=\"image.default\">\n\t\t\t\t<div class=\"elementor-widget-container\">\n\t\t\t\t\t\t\t\t\t\t\t\t\t<img fetchpriority=\"high\" decoding=\"async\" width=\"728\" height=\"444\" src=\"https:\/\/starling.fit\/wp-content\/uploads\/2025\/01\/rectangle_155-e1757409962507.webp\" class=\"attachment-large size-large wp-image-4252\" alt=\"\" srcset=\"https:\/\/starling.fit\/wp-content\/uploads\/2025\/01\/rectangle_155-e1757409962507.webp 728w, https:\/\/starling.fit\/wp-content\/uploads\/2025\/01\/rectangle_155-e1757409962507-300x183.webp 300w, https:\/\/starling.fit\/wp-content\/uploads\/2025\/01\/rectangle_155-e1757409962507-18x12.webp 18w\" sizes=\"(max-width: 728px) 100vw, 728px\" \/>\t\t\t\t\t\t\t\t\t\t\t\t\t<\/div>\n\t\t\t\t<\/div>\n\t\t\t\t<\/div>\n\t\t\t\t<\/div>\n\t\t\t\t<div class=\"elementor-element elementor-element-8b63e72 elementor-widget-divider--view-line elementor-widget elementor-widget-divider\" data-id=\"8b63e72\" data-element_type=\"widget\" data-widget_type=\"divider.default\">\n\t\t\t\t<div class=\"elementor-widget-container\">\n\t\t\t\t\t<div class=\"elementor-divider\">\n\t\t\t<span class=\"elementor-divider-separator\">\n\t\t\t\t\t\t<\/span>\n\t\t<\/div>\n\t\t\t\t<\/div>\n\t\t\t\t<\/div>\n\t\t<div class=\"elementor-element elementor-element-cc12b08 e-con-full e-flex e-con e-child\" data-id=\"cc12b08\" data-element_type=\"container\">\n\t\t\t\t<div class=\"elementor-element elementor-element-553a250 elementor-icon-list--layout-traditional elementor-list-item-link-full_width elementor-widget elementor-widget-icon-list\" data-id=\"553a250\" data-element_type=\"widget\" data-widget_type=\"icon-list.default\">\n\t\t\t\t<div class=\"elementor-widget-container\">\n\t\t\t\t\t<ul class=\"elementor-icon-list-items\">\n\t\t\t\t\t\t\t<li class=\"elementor-icon-list-item\">\n\t\t\t\t\t\t\t\t\t\t\t<span class=\"elementor-icon-list-icon\">\n\t\t\t\t\t\t\t<svg aria-hidden=\"true\" class=\"e-font-icon-svg e-fas-circle\" viewbox=\"0 0 512 512\" xmlns=\"http:\/\/www.w3.org\/2000\/svg\"><path d=\"M256 8C119 8 8 119 8 256s111 248 248 248 248-111 248-248S393 8 256 8z\"><\/path><\/svg>\t\t\t\t\t\t<\/span>\n\t\t\t\t\t\t\t\t\t\t<span class=\"elementor-icon-list-text\">Der Aufbau eines Dream-Teams<\/span>\n\t\t\t\t\t\t\t\t\t<\/li>\n\t\t\t\t\t\t<\/ul>\n\t\t\t\t<\/div>\n\t\t\t\t<\/div>\n\t\t\t\t<div class=\"elementor-element elementor-element-0fe50b2 elementor-widget__width-initial elementor-widget-mobile__width-inherit elementor-widget elementor-widget-heading\" data-id=\"0fe50b2\" data-element_type=\"widget\" data-widget_type=\"heading.default\">\n\t\t\t\t<div class=\"elementor-widget-container\">\n\t\t\t<p class=\"elementor-heading-title elementor-size-default\">Gemeinsam gr\u00fcndeten sie Starling Performance: ein Fitnessstudio wie kein anderes. Ein Studio, das jedes Mitglied unterst\u00fctzt \u2013 nicht nur durch anspruchsvolle Workouts, sondern auch durch strukturierte Erholung, Diagnostik und ganzheitliche Gesundheitsplanung. Ein Ort, an dem echte Ver\u00e4nderungen stattfinden und an dem man bei jedem Schritt begleitet wird.\n<br><br>Denn bei Starling glauben wir, dass unser Ansatz f\u00fcr Fitness eigentlich eine Verpflichtung gegen\u00fcber dem Leben ist. <\/p>\t\t<\/div>\n\t\t\t\t<\/div>\n\t\t\t\t<\/div>\n\t\t\t\t\t<\/div>\n\t\t\t\t<\/div>\n\t\t\t\t<div class=\"elementor-element elementor-element-f0c75af elementor-widget elementor-widget-spacer\" data-id=\"f0c75af\" data-element_type=\"widget\" data-widget_type=\"spacer.default\">\n\t\t\t\t<div class=\"elementor-widget-container\">\n\t\t\t\t\t<div class=\"elementor-spacer\">\n\t\t\t<div class=\"elementor-spacer-inner\"><\/div>\n\t\t<\/div>\n\t\t\t\t<\/div>\n\t\t\t\t<\/div>\n\t\t\t\t<\/div>\n\t\t<div class=\"elementor-element elementor-element-55f0e93 e-con-full e-flex e-con e-parent\" data-id=\"55f0e93\" data-element_type=\"container\">\n\t\t\t\t<div class=\"elementor-element elementor-element-b6409b7 elementor-widget elementor-widget-spacer\" data-id=\"b6409b7\" data-element_type=\"widget\" data-widget_type=\"spacer.default\">\n\t\t\t\t<div class=\"elementor-widget-container\">\n\t\t\t\t\t<div class=\"elementor-spacer\">\n\t\t\t<div class=\"elementor-spacer-inner\"><\/div>\n\t\t<\/div>\n\t\t\t\t<\/div>\n\t\t\t\t<\/div>\n\t\t<div class=\"elementor-element elementor-element-982f25e e-flex e-con-boxed e-con e-child\" data-id=\"982f25e\" data-element_type=\"container\">\n\t\t\t\t\t<div class=\"e-con-inner\">\n\t\t<div class=\"elementor-element elementor-element-fcbdb67 e-con-full e-flex e-con e-child\" data-id=\"fcbdb67\" data-element_type=\"container\" data-settings=\"{&quot;background_background&quot;:&quot;classic&quot;}\">\n\t\t\t\t<div class=\"elementor-element elementor-element-f335cb7 elementor-widget__width-inherit elementor-widget elementor-widget-heading\" data-id=\"f335cb7\" data-element_type=\"widget\" data-widget_type=\"heading.default\">\n\t\t\t\t<div class=\"elementor-widget-container\">\n\t\t\t<h2 class=\"elementor-heading-title elementor-size-default\">Wir k\u00f6nnen es kaum erwarten, dich im Studio begr\u00fc\u00dfen zu d\u00fcrfen!<\/h2>\t\t<\/div>\n\t\t\t\t<\/div>\n\t\t<div class=\"elementor-element elementor-element-5e25e6a e-con-full e-flex e-con e-child\" data-id=\"5e25e6a\" data-element_type=\"container\">\n\t\t\t\t<div class=\"elementor-element elementor-element-dc712c3 elementor-mobile-align-justify elementor-widget-mobile__width-inherit elementor-widget elementor-widget-button\" data-id=\"dc712c3\" data-element_type=\"widget\" data-widget_type=\"button.default\">\n\t\t\t\t<div class=\"elementor-widget-container\">\n\t\t\t\t\t\t\t<div class=\"elementor-button-wrapper\">\n\t\t\t\t\t<a class=\"elementor-button elementor-button-link elementor-size-sm\" href=\"https:\/\/starling.fit\/de\/join-us\/\">\n\t\t\t\t\t\t<span class=\"elementor-button-content-wrapper\">\n\t\t\t\t\t\t\t\t\t<span class=\"elementor-button-text\">ICH M\u00d6CHTE MICH ERHOLEN<\/span>\n\t\t\t\t\t<\/span>\n\t\t\t\t\t<\/a>\n\t\t\t\t<\/div>\n\t\t\t\t\t\t<\/div>\n\t\t\t\t<\/div>\n\t\t\t\t<\/div>\n\t\t\t\t<\/div>\n\t\t\t\t\t<\/div>\n\t\t\t\t<\/div>\n\t\t\t\t<div class=\"elementor-element elementor-element-891459b elementor-widget elementor-widget-spacer\" data-id=\"891459b\" data-element_type=\"widget\" data-widget_type=\"spacer.default\">\n\t\t\t\t<div class=\"elementor-widget-container\">\n\t\t\t\t\t<div class=\"elementor-spacer\">\n\t\t\t<div class=\"elementor-spacer-inner\"><\/div>\n\t\t<\/div>\n\t\t\t\t<\/div>\n\t\t\t\t<\/div>\n\t\t\t\t<\/div>\n\t\t\t\t<\/div>","protected":false},"excerpt":{"rendered":"<p>OUR STORY The story behind starling performance OUR STORY Shaped by Sport Starling Performance was born from a powerful vision: to create a space where fitness goes beyond quick results, where it becomes a lifelong tool for health, resilience, and personal growth. At the heart of this vision is Cristiano Starling, a Brazilian athlete whose [&hellip;]<\/p>","protected":false},"author":1,"featured_media":0,"parent":0,"menu_order":0,"comment_status":"closed","ping_status":"closed","template":"","meta":{"_acf_changed":false,"footnotes":""},"class_list":["post-3791","page","type-page","status-publish","hentry"],"acf":[],"_links":{"self":[{"href":"https:\/\/starling.fit\/de\/wp-json\/wp\/v2\/pages\/3791","targetHints":{"allow":["GET"]}}],"collection":[{"href":"https:\/\/starling.fit\/de\/wp-json\/wp\/v2\/pages"}],"about":[{"href":"https:\/\/starling.fit\/de\/wp-json\/wp\/v2\/types\/page"}],"author":[{"embeddable":true,"href":"https:\/\/starling.fit\/de\/wp-json\/wp\/v2\/users\/1"}],"replies":[{"embeddable":true,"href":"https:\/\/starling.fit\/de\/wp-json\/wp\/v2\/comments?post=3791"}],"version-history":[{"count":54,"href":"https:\/\/starling.fit\/de\/wp-json\/wp\/v2\/pages\/3791\/revisions"}],"predecessor-version":[{"id":6103,"href":"https:\/\/starling.fit\/de\/wp-json\/wp\/v2\/pages\/3791\/revisions\/6103"}],"wp:attachment":[{"href":"https:\/\/starling.fit\/de\/wp-json\/wp\/v2\/media?parent=3791"}],"curies":[{"name":"wp","href":"https:\/\/api.w.org\/{rel}","templated":true}]}}